{"id":1412,"date":"2017-06-29T12:46:04","date_gmt":"2017-06-29T12:46:04","guid":{"rendered":"http:\/\/www.hotelvillavictoria.se\/?page_id=1412\/"},"modified":"2024-03-19T15:28:49","modified_gmt":"2024-03-19T15:28:49","slug":"pagina-inicial","status":"publish","type":"page","link":"http:\/\/www.hotelvillavictoria.se\/pt-pt\/","title":{"rendered":"P\u00e1gina Inicial"},"content":{"rendered":"<p>[vc_row row_type=&#8221;row&#8221; use_row_as_full_screen_section=&#8221;no&#8221; type=&#8221;full_width&#8221; anchor=&#8221;home&#8221; angled_section=&#8221;no&#8221; text_align=&#8221;left&#8221; background_image_as_pattern=&#8221;without_pattern&#8221; background_color=&#8221;#ffffff&#8221; css_animation=&#8221;&#8221; css=&#8221;.vc_custom_1489516488586{margin-top: -30px !important;}&#8221;][vc_column offset=&#8221;vc_hidden-lg vc_hidden-md&#8221;][\/vc_column][\/vc_row][vc_row row_type=&#8221;row&#8221; use_row_as_full_screen_section=&#8221;no&#8221; type=&#8221;full_width&#8221; angled_section=&#8221;no&#8221; text_align=&#8221;left&#8221; background_image_as_pattern=&#8221;without_pattern&#8221; css_animation=&#8221;&#8221;][vc_column offset=&#8221;vc_hidden-sm vc_hidden-xs&#8221;][\/vc_column][\/vc_row][vc_row row_type=&#8221;row&#8221; use_row_as_full_screen_section=&#8221;no&#8221; type=&#8221;grid&#8221; angled_section=&#8221;no&#8221; text_align=&#8221;left&#8221; background_image_as_pattern=&#8221;without_pattern&#8221; background_color=&#8221;#ffffff&#8221; css_animation=&#8221;&#8221; css=&#8221;.vc_custom_1489517101546{padding-top: 80px !important;padding-bottom: 80px !important;}&#8221;][vc_column width=&#8221;1\/4&#8243; css=&#8221;.vc_custom_1489516521292{border-right-width: 2px !important;padding-right: 30px !important;border-right-color: rgba(181,169,41,0.28) !important;border-right-style: solid !important;}&#8221; offset=&#8221;vc_hidden-sm vc_hidden-xs&#8221;][vc_column_text]<\/p>\n<h2 style=\"text-align: right;\">SOBRE N\u00d3S<\/h2>\n<h5 style=\"text-align: right;\">HIST\u00d3RIA<\/h5>\n<p>[\/vc_column_text][vc_empty_space height=&#8221;80px&#8221;][\/vc_column][vc_column width=&#8221;3\/4&#8243; css=&#8221;.vc_custom_1481057198528{padding-left: 30px !important;}&#8221;][vc_row_inner row_type=&#8221;row&#8221; type=&#8221;full_width&#8221; text_align=&#8221;left&#8221; css_animation=&#8221;&#8221;][vc_column_inner offset=&#8221;vc_hidden-lg vc_hidden-md&#8221;][vc_column_text]<\/p>\n<h2 style=\"text-align: left;\">SOBRE N\u00d3S<\/h2>\n<h5 style=\"text-align: left;\"><span style=\"color: #f0cb5d;\">HIST\u00d3RIA<\/span><\/h5>\n<p>[\/vc_column_text][vc_empty_space height=&#8221;20px&#8221;][\/vc_column_inner][\/vc_row_inner][vc_row_inner row_type=&#8221;row&#8221; type=&#8221;full_width&#8221; text_align=&#8221;left&#8221; css_animation=&#8221;&#8221;][vc_column_inner][vc_column_text]<span style=\"color: #ffffff;\">.<\/span><\/p>\n<p>O Hotel Villa Victoria \u00e9 uma das propriedades mais antigas e majestosas do centro hist\u00f3rico de Tigre. Seus jardins e instala\u00e7\u00f5es foram preservadas com o passar do tempo, criando um lugar \u00fanico para descanso e introspec\u00e7\u00e3o. Os quartos foram adaptados \u00e0s expectativas dos viajantes, enquanto a est\u00e9tica da recep\u00e7\u00e3o, sala de jantar e varandas trazem a eleg\u00e2ncia dos tempos antigos. \u00c9 assim que a mans\u00e3o, com seus jardins de \u00e1rvores centen\u00e1rias e port\u00f5es emblem\u00e1ticos, se torna um verdadeiro tesouro hist\u00f3rico no cora\u00e7\u00e3o de Tigre.<\/p>\n<p><span style=\"color: #ffffff;\">.Hoteles en Tigre, Villa Victoria, Hotel Villa Victoria, Hoteles en Tigre, Villa Victoria, Tigre\u00a0<\/span><\/p>\n<p class=\"p1\">Bem Vindo!<\/p>\n<p><span style=\"color: #ffffff;\">.<\/span>[\/vc_column_text]<a  itemprop=\"url\" href=\"https:\/\/hotels.cloudbeds.com\/reservation\/Mw2Qul\" target=\"_self\"  class=\"qbutton  large white default\" style=\"background-color: #9fb2ae;\">Reserva<\/a>[\/vc_column_inner][\/vc_row_inner][\/vc_column][\/vc_row][vc_row row_type=&#8221;row&#8221; use_row_as_full_screen_section=&#8221;no&#8221; type=&#8221;full_width&#8221; angled_section=&#8221;no&#8221; text_align=&#8221;left&#8221; background_image_as_pattern=&#8221;without_pattern&#8221; css_animation=&#8221;&#8221; css=&#8221;.vc_custom_1481058337935{margin-bottom: -5px !important;}&#8221;][vc_column offset=&#8221;vc_hidden-sm vc_hidden-xs&#8221;][vc_gallery type=&#8221;image_grid&#8221; images=&#8221;1812,1820,1827,1727&#8243; img_size=&#8221;large&#8221; column_number=&#8221;4&#8243; grayscale=&#8221;no&#8221; images_space=&#8221;gallery_without_space&#8221;][\/vc_column][\/vc_row]<\/p>\n","protected":false},"excerpt":{"rendered":"<p>[vc_row row_type=&#8221;row&#8221; use_row_as_full_screen_section=&#8221;no&#8221; type=&#8221;full_width&#8221; anchor=&#8221;home&#8221; angled_section=&#8221;no&#8221; text_align=&#8221;left&#8221; background_image_as_pattern=&#8221;without_pattern&#8221; background_color=&#8221;#ffffff&#8221; css_animation=&#8221;&#8221; css=&#8221;.vc_custom_1489516488586{margin-top: -30px !important;}&#8221;][vc_column offset=&#8221;vc_hidden-lg vc_hidden-md&#8221;][\/vc_column][\/vc_row][vc_row row_type=&#8221;row&#8221; use_row_as_full_screen_section=&#8221;no&#8221; type=&#8221;full_width&#8221; angled_section=&#8221;no&#8221; text_align=&#8221;left&#8221; background_image_as_pattern=&#8221;without_pattern&#8221; css_animation=&#8221;&#8221;][vc_column offset=&#8221;vc_hidden-sm vc_hidden-xs&#8221;][\/vc_column][\/vc_row][vc_row row_type=&#8221;row&#8221; use_row_as_full_screen_section=&#8221;no&#8221; type=&#8221;grid&#8221; angled_section=&#8221;no&#8221; text_align=&#8221;left&#8221; background_image_as_pattern=&#8221;without_pattern&#8221; background_color=&#8221;#ffffff&#8221; css_animation=&#8221;&#8221; css=&#8221;.vc_custom_1489517101546{padding-top: 80px !important;padding-bottom: 80px !important;}&#8221;][vc_column width=&#8221;1\/4&#8243; css=&#8221;.vc_custom_1489516521292{border-right-width: 2px !important;padding-right: 30px !important;border-right-color: rgba(181,169,41,0.28) !important;border-right-style:&#8230;<\/p>\n","protected":false},"author":1,"featured_media":807,"parent":0,"menu_order":0,"comment_status":"closed","ping_status":"closed","template":"full_width.php","meta":[],"_links":{"self":[{"href":"http:\/\/www.hotelvillavictoria.se\/pt-pt\/wp-json\/wp\/v2\/pages\/1412"}],"collection":[{"href":"http:\/\/www.hotelvillavictoria.se\/pt-pt\/wp-json\/wp\/v2\/pages"}],"about":[{"href":"http:\/\/www.hotelvillavictoria.se\/pt-pt\/wp-json\/wp\/v2\/types\/page"}],"author":[{"embeddable":true,"href":"http:\/\/www.hotelvillavictoria.se\/pt-pt\/wp-json\/wp\/v2\/users\/1"}],"replies":[{"embeddable":true,"href":"http:\/\/www.hotelvillavictoria.se\/pt-pt\/wp-json\/wp\/v2\/comments?post=1412"}],"version-history":[{"count":18,"href":"http:\/\/www.hotelvillavictoria.se\/pt-pt\/wp-json\/wp\/v2\/pages\/1412\/revisions"}],"predecessor-version":[{"id":1969,"href":"http:\/\/www.hotelvillavictoria.se\/pt-pt\/wp-json\/wp\/v2\/pages\/1412\/revisions\/1969"}],"wp:featuredmedia":[{"embeddable":true,"href":"http:\/\/www.hotelvillavictoria.se\/pt-pt\/wp-json\/wp\/v2\/media\/807"}],"wp:attachment":[{"href":"http:\/\/www.hotelvillavictoria.se\/pt-pt\/wp-json\/wp\/v2\/media?parent=1412"}],"curies":[{"name":"wp","href":"https:\/\/api.w.org\/{rel}","templated":true}]}}