{"id":1415,"date":"2017-06-29T13:04:06","date_gmt":"2017-06-29T13:04:06","guid":{"rendered":"http:\/\/www.hotelvillavictoria.se\/?page_id=1415\/"},"modified":"2019-07-23T10:31:14","modified_gmt":"2019-07-23T10:31:14","slug":"servicos","status":"publish","type":"page","link":"http:\/\/www.hotelvillavictoria.se\/pt-pt\/servicos\/","title":{"rendered":"Servi\u00e7os"},"content":{"rendered":"<p>[vc_row row_type=&#8221;row&#8221; use_row_as_full_screen_section=&#8221;no&#8221; type=&#8221;grid&#8221; angled_section=&#8221;no&#8221; text_align=&#8221;left&#8221; background_image_as_pattern=&#8221;without_pattern&#8221; background_color=&#8221;#ffffff&#8221; border_color=&#8221;#ffffff&#8221; css_animation=&#8221;&#8221; css=&#8221;.vc_custom_1491749015130{margin-bottom: 60px !important;padding-top: 60px !important;}&#8221;][vc_column width=&#8221;1\/4&#8243; css=&#8221;.vc_custom_1489519361068{border-right-width: 2px !important;padding-right: 30px !important;border-right-color: rgba(181,169,41,0.28) !important;border-right-style: solid !important;}&#8221; offset=&#8221;vc_hidden-sm vc_hidden-xs&#8221;][vc_column_text]<\/p>\n<h2 style=\"text-align: right;\">Servi\u00e7ios<\/h2>\n<h5 style=\"text-align: right;\">INSTALA\u00c7\u00d5ES<\/h5>\n<p>[\/vc_column_text][vc_empty_space height=&#8221;90px&#8221;][\/vc_column][vc_column width=&#8221;3\/4&#8243; css=&#8221;.vc_custom_1483895287204{margin-top: -30px !important;padding-left: 30px !important;background-color: #ffffff !important;}&#8221;][vc_row_inner row_type=&#8221;row&#8221; type=&#8221;full_width&#8221; text_align=&#8221;left&#8221; css_animation=&#8221;&#8221;][vc_column_inner offset=&#8221;vc_hidden-lg vc_hidden-md&#8221;][vc_column_text]<\/p>\n<h2 style=\"text-align: left;\">Servi\u00e7ios<\/h2>\n<h5 style=\"text-align: left;\"><span style=\"color: #e0bc75;\">INSTALA\u00c7\u00d5ES<\/span><\/h5>\n<p>[\/vc_column_text][vc_empty_space height=&#8221;20px&#8221;][\/vc_column_inner][\/vc_row_inner][vc_column_text]<\/p>\n<p style=\"text-align: left;\">O terreno do Hotel Villa Victoria de Tigre\u00a0oferece um parque arborizado de 3,000m\u00b2 com piscinas ao ar livre e estacionamento privado. Suas galerias coloniais que cercam a propriedade criam um espa\u00e7o perfeito para aproveitar e relaxar. A mans\u00e3o tamb\u00e9m est\u00e1 equipada com ar condicionados centrais e individuais, assim como Wi-Fi e TV a cabo. O caf\u00e9 da manh\u00e3 que \u00e9 oferecido possui ingredientes caseiros para fazer com que voc\u00ea comece seu dia com um sorriso.<\/p>\n<p style=\"text-align: left;\"><span style=\"color: #ffffff;\">.<\/span><\/p>\n<p>Nosso tratamento personalizado \u00e9 bastante apreciado pelos nossos h\u00f3spedes. No Hotel Villa Victoria, oferecemos um servi\u00e7o de comida para que nossos h\u00f3spedes possam se divertir dentro do conforto do hotel. Almo\u00e7o, lanches e jantar s\u00e3o servidos no sal\u00e3o principal, e dependendo do clima, em nossas galerias. Tamb\u00e9m h\u00e1 a possibilidade de servi\u00e7o de quarto em algumas su\u00edtes.[\/vc_column_text][vc_empty_space height=&#8221;25px&#8221;][vc_accordion active_tab=&#8221;0&#8243; style=&#8221;toggle&#8221; title=&#8221;Detalles&#8221;][vc_accordion_tab title=&#8221; Mais detalhes&#8221; title_tag=&#8221;h6&#8243;][vc_row_inner row_type=&#8221;row&#8221; type=&#8221;full_width&#8221; text_align=&#8221;left&#8221; css_animation=&#8221;&#8221;][vc_column_inner width=&#8221;1\/2&#8243;]<div class=\"q_icon_list\"><i class=\"qode_icon_font_awesome fa fa-coffee qode-ili-icon-holder circle\" style=\"font-size: 15px;\" ><\/i><p style=\"\">Caf\u00e9 da manh\u00e3 continental<\/p><\/div><div class=\"q_icon_list\"><i class=\"qode_icon_font_awesome fa fa-align-justify qode-ili-icon-holder circle\" style=\"font-size: 15px;\" ><\/i><p style=\"\">Piscinas e deck<\/p><\/div><div class=\"q_icon_list\"><i class=\"qode_icon_font_awesome fa fa-car qode-ili-icon-holder circle\" style=\"font-size: 15px;\" ><\/i><p style=\"\">Estacionamento<\/p><\/div><div class=\"q_icon_list\"><i class=\"qode_icon_font_awesome fa fa-bell qode-ili-icon-holder circle\" style=\"font-size: 15px;\" ><\/i><p style=\"\">Equipe bil\u00edngue<\/p><\/div><div class=\"q_icon_list\"><i class=\"qode_icon_font_awesome fa fa-wifi qode-ili-icon-holder circle\" style=\"font-size: 15px;\" ><\/i><p style=\"\">Wi-FI<\/p><\/div><div class=\"q_icon_list\"><i class=\"qode_icon_font_awesome fa fa-suitcase qode-ili-icon-holder circle\" style=\"font-size: 15px;\" ><\/i><p style=\"\">Dep\u00f3sito de bagagem<\/p><\/div><div class=\"q_icon_list\"><i class=\"qode_icon_font_awesome fa fa-windows qode-ili-icon-holder circle\" style=\"font-size: 15px;\" ><\/i><p style=\"\">Computador na recep\u00e7\u00e3o<\/p><\/div>[\/vc_column_inner][vc_column_inner width=&#8221;1\/2&#8243;]<div class=\"q_icon_list\"><i class=\"qode_icon_font_awesome fa fa-picture-o qode-ili-icon-holder circle\" style=\"font-size: 15px;\" ><\/i><p style=\"\">Agendamento de excurs\u00f5es<\/p><\/div><div class=\"q_icon_list\"><i class=\"qode_icon_font_awesome fa fa-heart-o qode-ili-icon-holder circle\" style=\"font-size: 15px;\" ><\/i><p style=\"\">Casamentos<\/p><\/div><div class=\"q_icon_list\"><i class=\"qode_icon_font_awesome fa fa-heartbeat qode-ili-icon-holder circle\" style=\"font-size: 15px;\" ><\/i><p style=\"\">Noites rom\u00e2nticas<\/p><\/div><div class=\"q_icon_list\"><i class=\"qode_icon_font_awesome fa fa-hand-paper-o qode-ili-icon-holder circle\" style=\"font-size: 15px;\" ><\/i><p style=\"\">Massagens com reserva<\/p><\/div><div class=\"q_icon_list\"><i class=\"qode_icon_font_awesome fa fa-user-plus qode-ili-icon-holder circle\" style=\"font-size: 15px;\" ><\/i><p style=\"\">Eventos<\/p><\/div><div class=\"q_icon_list\"><i class=\"qode_icon_font_awesome fa fa-camera-retro qode-ili-icon-holder circle\" style=\"font-size: 15px;\" ><\/i><p style=\"\">Sess\u00f5es fotogr\u00e1ficas<\/p><\/div>[\/vc_column_inner][\/vc_row_inner][\/vc_accordion_tab][\/vc_accordion][\/vc_column][\/vc_row][vc_row row_type=&#8221;row&#8221; use_row_as_full_screen_section=&#8221;no&#8221; type=&#8221;full_width&#8221; angled_section=&#8221;no&#8221; text_align=&#8221;left&#8221; background_image_as_pattern=&#8221;without_pattern&#8221; css_animation=&#8221;&#8221;][vc_column offset=&#8221;vc_hidden-sm vc_hidden-xs&#8221;][vc_gallery type=&#8221;image_grid&#8221; images=&#8221;1675,1674,1673&#8243; img_size=&#8221;large&#8221; column_number=&#8221;3&#8243; grayscale=&#8221;no&#8221; images_space=&#8221;gallery_without_space&#8221;][\/vc_column][\/vc_row][vc_row row_type=&#8221;row&#8221; use_row_as_full_screen_section=&#8221;no&#8221; type=&#8221;full_width&#8221; angled_section=&#8221;no&#8221; text_align=&#8221;left&#8221; background_image_as_pattern=&#8221;without_pattern&#8221; css_animation=&#8221;&#8221;][vc_column offset=&#8221;vc_hidden-lg vc_hidden-md&#8221;][vc_single_image image=&#8221;1309&#8243; img_size=&#8221;1600&#215;400&#8243; qode_css_animation=&#8221;&#8221;][\/vc_column][\/vc_row][vc_row row_type=&#8221;row&#8221; use_row_as_full_screen_section=&#8221;no&#8221; type=&#8221;grid&#8221; angled_section=&#8221;no&#8221; text_align=&#8221;left&#8221; background_image_as_pattern=&#8221;without_pattern&#8221; background_color=&#8221;#ffffff&#8221; border_color=&#8221;#ffffff&#8221; css_animation=&#8221;&#8221; css=&#8221;.vc_custom_1491749000207{margin-bottom: 60px !important;padding-top: 60px !important;}&#8221;][vc_column width=&#8221;1\/4&#8243; css=&#8221;.vc_custom_1489954190095{border-right-width: 2px !important;padding-top: 30px !important;padding-right: 30px !important;border-right-color: rgba(181,169,41,0.28) !important;border-right-style: solid !important;}&#8221; offset=&#8221;vc_hidden-sm vc_hidden-xs&#8221;][vc_column_text css=&#8221;.vc_custom_1498741288536{margin-left: -80px !important;padding-top: 20px !important;}&#8221;]<\/p>\n<h2 style=\"text-align: right;\">Gastronomia<\/h2>\n<h5 style=\"text-align: right;\">NOSSA CULIN\u00c1RIA<\/h5>\n<p>[\/vc_column_text][vc_empty_space height=&#8221;40px&#8221;][\/vc_column][vc_column width=&#8221;3\/4&#8243; css=&#8221;.vc_custom_1483895387893{margin-top: -35px !important;padding-left: 30px !important;background-color: #ffffff !important;}&#8221;][vc_row_inner row_type=&#8221;row&#8221; type=&#8221;full_width&#8221; text_align=&#8221;left&#8221; css_animation=&#8221;&#8221;][vc_column_inner offset=&#8221;vc_hidden-lg vc_hidden-md&#8221;][vc_column_text css=&#8221;.vc_custom_1498741321257{padding-top: 20px !important;}&#8221;]<\/p>\n<h2 style=\"text-align: left;\">Gastronomia<\/h2>\n<h5 style=\"text-align: left;\"><span style=\"color: #e0bc75;\">NOSSA CULIN\u00c1RIA<\/span><\/h5>\n<p>[\/vc_column_text][vc_empty_space height=&#8221;20px&#8221;][\/vc_column_inner][\/vc_row_inner][vc_column_text]No Hotel Villa Victoria acreditamos que a qualidade de nossos pratos depende do uso de produtos frescos e sustent\u00e1veis. \u00c9 por isto que trabalhamos com ingredientes sazonais e com os melhores fornecedores locais. Tamb\u00e9m preparamos nossos pratos sob demanda, garantindo uma experi\u00eancia saborosa da verdadeira culin\u00e1ria argentina.<\/p>\n<p class=\"p2\"><span class=\"s1\" style=\"color: #ffffff;\">.<\/span><\/p>\n<p>N\u00f3s geralmente pedimos, se poss\u00edvel, para notificar-nos sobre suas prefer\u00eancias culin\u00e1rias com anteced\u00eancia. Isto nos permite adaptar nossos pratos \u00e0s suas necessidades especiais e dieta. Nosso servi\u00e7o de comida, portanto, \u00e9 personalizado at\u00e9 o \u00faltimo detalhe, proporcionando a experi\u00eancia culin\u00e1ria caseira que voc\u00ea merece.<\/p>\n<p class=\"p2\"><span style=\"color: #ffffff;\">\u00a0<\/span><\/p>\n<p>[\/vc_column_text][\/vc_column][\/vc_row]<\/p>\n","protected":false},"excerpt":{"rendered":"<p>[vc_row row_type=&#8221;row&#8221; use_row_as_full_screen_section=&#8221;no&#8221; type=&#8221;grid&#8221; angled_section=&#8221;no&#8221; text_align=&#8221;left&#8221; background_image_as_pattern=&#8221;without_pattern&#8221; background_color=&#8221;#ffffff&#8221; border_color=&#8221;#ffffff&#8221; css_animation=&#8221;&#8221; css=&#8221;.vc_custom_1491749015130{margin-bottom: 60px !important;padding-top: 60px !important;}&#8221;][vc_column width=&#8221;1\/4&#8243; css=&#8221;.vc_custom_1489519361068{border-right-width: 2px !important;padding-right: 30px !important;border-right-color: rgba(181,169,41,0.28) !important;border-right-style: solid !important;}&#8221; offset=&#8221;vc_hidden-sm vc_hidden-xs&#8221;][vc_column_text] Servi\u00e7ios INSTALA\u00c7\u00d5ES [\/vc_column_text][vc_empty_space height=&#8221;90px&#8221;][\/vc_column][vc_column width=&#8221;3\/4&#8243; css=&#8221;.vc_custom_1483895287204{margin-top: -30px !important;padding-left: 30px !important;background-color: #ffffff !important;}&#8221;][vc_row_inner row_type=&#8221;row&#8221; type=&#8221;full_width&#8221; text_align=&#8221;left&#8221; css_animation=&#8221;&#8221;][vc_column_inner offset=&#8221;vc_hidden-lg vc_hidden-md&#8221;][vc_column_text]&#8230;<\/p>\n","protected":false},"author":1,"featured_media":0,"parent":0,"menu_order":0,"comment_status":"closed","ping_status":"closed","template":"full_width.php","meta":[],"_links":{"self":[{"href":"http:\/\/www.hotelvillavictoria.se\/pt-pt\/wp-json\/wp\/v2\/pages\/1415"}],"collection":[{"href":"http:\/\/www.hotelvillavictoria.se\/pt-pt\/wp-json\/wp\/v2\/pages"}],"about":[{"href":"http:\/\/www.hotelvillavictoria.se\/pt-pt\/wp-json\/wp\/v2\/types\/page"}],"author":[{"embeddable":true,"href":"http:\/\/www.hotelvillavictoria.se\/pt-pt\/wp-json\/wp\/v2\/users\/1"}],"replies":[{"embeddable":true,"href":"http:\/\/www.hotelvillavictoria.se\/pt-pt\/wp-json\/wp\/v2\/comments?post=1415"}],"version-history":[{"count":8,"href":"http:\/\/www.hotelvillavictoria.se\/pt-pt\/wp-json\/wp\/v2\/pages\/1415\/revisions"}],"predecessor-version":[{"id":1681,"href":"http:\/\/www.hotelvillavictoria.se\/pt-pt\/wp-json\/wp\/v2\/pages\/1415\/revisions\/1681"}],"wp:attachment":[{"href":"http:\/\/www.hotelvillavictoria.se\/pt-pt\/wp-json\/wp\/v2\/media?parent=1415"}],"curies":[{"name":"wp","href":"https:\/\/api.w.org\/{rel}","templated":true}]}}