{"id":1418,"date":"2017-06-29T13:15:53","date_gmt":"2017-06-29T13:15:53","guid":{"rendered":"http:\/\/www.hotelvillavictoria.se\/?page_id=1418\/"},"modified":"2019-07-20T14:55:29","modified_gmt":"2019-07-20T14:55:29","slug":"eventos","status":"publish","type":"page","link":"http:\/\/www.hotelvillavictoria.se\/pt-pt\/eventos\/","title":{"rendered":"Eventos"},"content":{"rendered":"<p>[vc_row row_type=&#8221;row&#8221; use_row_as_full_screen_section=&#8221;no&#8221; type=&#8221;grid&#8221; angled_section=&#8221;no&#8221; text_align=&#8221;left&#8221; background_image_as_pattern=&#8221;without_pattern&#8221; css_animation=&#8221;&#8221; css=&#8221;.vc_custom_1483896734057{margin-left: -40px !important;padding-top: 80px !important;}&#8221;][vc_column width=&#8221;1\/4&#8243; css=&#8221;.vc_custom_1489519809724{border-right-width: 2px !important;padding-right: 30px !important;border-right-color: rgba(181,169,41,0.28) !important;border-right-style: solid !important;}&#8221; offset=&#8221;vc_hidden-sm vc_hidden-xs&#8221;][vc_column_text]<\/p>\n<h2 style=\"text-align: right;\">Eventos<\/h2>\n<h5 style=\"text-align: right;\">SOCIAIS<\/h5>\n<p>[\/vc_column_text][vc_empty_space height=&#8221;70px&#8221;][\/vc_column][vc_column width=&#8221;3\/4&#8243; css=&#8221;.vc_custom_1489519927190{padding-left: 30px !important;}&#8221;][vc_row_inner row_type=&#8221;row&#8221; type=&#8221;full_width&#8221; text_align=&#8221;left&#8221; css_animation=&#8221;&#8221;][vc_column_inner offset=&#8221;vc_hidden-lg vc_hidden-md&#8221;][vc_column_text]<\/p>\n<h2 style=\"text-align: left;\">Eventos<\/h2>\n<h5 style=\"text-align: left;\"><span style=\"color: #e0bc75;\">SOCIAIS<\/span><\/h5>\n<p>[\/vc_column_text][vc_empty_space height=&#8221;20px&#8221;][\/vc_column_inner][\/vc_row_inner][vc_column_text]No Hotel Villa Victoria de Tigre temos todos os tipos de eventos sociais. J\u00e1 que sua satisfa\u00e7\u00e3o \u00e9 nossa prioridade, sempre tentamos acomodar suas necessidades. Temos a atmosfera perfeita, assim como um time de eventos e buffet dedicado, que se certificar\u00e1 de que seu evento ser\u00e1 especial e memor\u00e1vel.<\/p>\n<p><span style=\"color: #ffffff;\">.<\/span><\/p>\n<p>Uma refei\u00e7\u00e3o excelente feita por nosso chef e uma mistura perfeita entre a decora\u00e7\u00e3o e atmosfera \u00e9 a chave para nosso sucesso. N\u00f3s o acompanhamos em anivers\u00e1rios, anivers\u00e1rios de namoro, casamentos, comunh\u00f5es, festas de ano novo e outros eventos que voc\u00ea possa querer compartilhar com seus amigos e amados. No Hotel Villa Victoria tamb\u00e9m oferecemos a op\u00e7\u00e3o de exclusividade com o hotel fechado, para que voc\u00ea possa aproveitar completamente o contexto \u00edntimo que voc\u00ea merece.[\/vc_column_text][vc_empty_space height=&#8221;25px&#8221;]<a  itemprop=\"url\" href=\"http:\/\/www.hotelvillavictoria.se\/pt-pt\/reservas\/\" target=\"_self\"  class=\"qbutton  default\" style=\"\">Pedir um or\u00e7amento<\/a>[\/vc_column][\/vc_row][vc_row row_type=&#8221;row&#8221; use_row_as_full_screen_section=&#8221;no&#8221; type=&#8221;full_width&#8221; angled_section=&#8221;no&#8221; text_align=&#8221;left&#8221; background_image_as_pattern=&#8221;without_pattern&#8221; row_negative_margin=&#8221;disable_negative_margin&#8221; css_animation=&#8221;&#8221; css=&#8221;.vc_custom_1483896544708{margin-right: -30px !important;margin-left: -30px !important;padding-top: 50px !important;}&#8221;][vc_column css=&#8221;.vc_custom_1482265039232{border-left-width: px !important;}&#8221;][vc_row_inner row_type=&#8221;row&#8221; type=&#8221;full_width&#8221; text_align=&#8221;left&#8221; css_animation=&#8221;&#8221;][vc_column_inner offset=&#8221;vc_hidden-sm vc_hidden-xs&#8221;][vc_single_image image=&#8221;1117&#8243; img_size=&#8221;1600&#215;400&#8243; qode_css_animation=&#8221;&#8221;][\/vc_column_inner][\/vc_row_inner][vc_row_inner row_type=&#8221;row&#8221; type=&#8221;full_width&#8221; text_align=&#8221;left&#8221; css_animation=&#8221;&#8221;][vc_column_inner offset=&#8221;vc_hidden-lg vc_hidden-md&#8221;][vc_single_image image=&#8221;723&#8243; img_size=&#8221;full&#8221; qode_css_animation=&#8221;&#8221;][\/vc_column_inner][\/vc_row_inner][\/vc_column][\/vc_row][vc_row row_type=&#8221;row&#8221; use_row_as_full_screen_section=&#8221;no&#8221; type=&#8221;grid&#8221; angled_section=&#8221;no&#8221; text_align=&#8221;left&#8221; background_image_as_pattern=&#8221;without_pattern&#8221; css_animation=&#8221;&#8221; css=&#8221;.vc_custom_1489520416534{margin-left: -40px !important;padding-top: 80px !important;}&#8221;][vc_column width=&#8221;1\/4&#8243; css=&#8221;.vc_custom_1489519904486{border-right-width: 2px !important;padding-right: 30px !important;border-right-color: rgba(181,169,41,0.28) !important;border-right-style: solid !important;}&#8221; offset=&#8221;vc_hidden-sm vc_hidden-xs&#8221;][vc_column_text]<\/p>\n<h2 style=\"text-align: right;\">Eventos<\/h2>\n<h5 style=\"text-align: right;\">CORPORATIVOS<\/h5>\n<p>[\/vc_column_text][vc_empty_space height=&#8221;130px&#8221;][\/vc_column][vc_column width=&#8221;3\/4&#8243; css=&#8221;.vc_custom_1489520094497{padding-left: 30px !important;}&#8221;][vc_row_inner row_type=&#8221;row&#8221; type=&#8221;full_width&#8221; text_align=&#8221;left&#8221; css_animation=&#8221;&#8221;][vc_column_inner offset=&#8221;vc_hidden-lg vc_hidden-md&#8221;][vc_column_text]<\/p>\n<h2 style=\"text-align: left;\">Eventos<\/h2>\n<h5 style=\"text-align: left;\"><span style=\"color: #e0bc75;\">CORPORATIVOS<\/span><\/h5>\n<p>[\/vc_column_text][vc_empty_space height=&#8221;20px&#8221;][\/vc_column_inner][\/vc_row_inner][vc_column_text]O Hotel Villa Victoria de Tigre oferece aos seus clientes corporativos o lugar ideal para reuni\u00f5es de neg\u00f3cios, workshops, apresenta\u00e7\u00f5es de produtos, constru\u00e7\u00e3o de times e reuni\u00f5es sociais. Aqui temos diferentes \u00e1reas com o equipamento necess\u00e1rio para uma reuni\u00e3o eficiente e interativa, que atender\u00e1 \u00e0s suas necessidades.<\/p>\n<p><span style=\"color: #ffffff;\">.<\/span><\/p>\n<p>Com nosso chef, oferecemos diferentes op\u00e7\u00f5es de menus caseiros para acompanhar seu evento. O parque, piscinas e outras facilidades tamb\u00e9m podem ser colocadas \u00e0 sua disposi\u00e7\u00e3o para proporcionar um encontro diferente e ativo, onde a pr\u00e1tica de atividades de constru\u00e7\u00e3o de times e grupos criativos seja poss\u00edvel.<\/p>\n<p><span style=\"color: #ffffff;\">.<\/span><\/p>\n<p>O Hotel Villa Victoria de Tigre possui um acesso simples e direto desde Buenos Aires e toda a zona norte. Voc\u00ea pode facilmente alcan\u00e7ar o hotel com seu pr\u00f3prio ve\u00edculo e estacion\u00e1-lo dentro da propriedade. Tamb\u00e9m oferecemos planos de acomoda\u00e7\u00e3o especiais para organiza\u00e7\u00f5es e empresas. O hotel pode se tornar sua casa e proporcionar \u00e0 sua reuni\u00e3o um local \u00edntimo e privado, tornando-a uma experi\u00eancia inesquec\u00edvel.[\/vc_column_text][\/vc_column][\/vc_row][vc_row row_type=&#8221;row&#8221; use_row_as_full_screen_section=&#8221;no&#8221; type=&#8221;grid&#8221; angled_section=&#8221;no&#8221; text_align=&#8221;left&#8221; background_image_as_pattern=&#8221;without_pattern&#8221; css_animation=&#8221;&#8221; css=&#8221;.vc_custom_1489954781473{margin-left: -40px !important;padding-top: 20px !important;}&#8221;][vc_column width=&#8221;1\/4&#8243; css=&#8221;.vc_custom_1489954765832{padding-right: 30px !important;}&#8221; offset=&#8221;vc_hidden-sm vc_hidden-xs&#8221;][\/vc_column][vc_column width=&#8221;3\/4&#8243; css=&#8221;.vc_custom_1489954726896{padding-left: 30px !important;}&#8221; offset=&#8221;vc_hidden-sm vc_hidden-xs&#8221;][vc_accordion active_tab=&#8221;0&#8243; style=&#8221;toggle&#8221;][vc_accordion_tab title=&#8221;Alguns de nossos clientes&#8221; title_tag=&#8221;h6&#8243;][vc_row_inner row_type=&#8221;row&#8221; type=&#8221;full_width&#8221; text_align=&#8221;left&#8221; css_animation=&#8221;&#8221;][vc_column_inner][vc_single_image image=&#8221;1039&#8243; img_size=&#8221;900&#215;430&#8243; qode_css_animation=&#8221;&#8221;][\/vc_column_inner][\/vc_row_inner][\/vc_accordion_tab][\/vc_accordion][vc_empty_space height=&#8221;25px&#8221;]<a  itemprop=\"url\" href=\"http:\/\/www.hotelvillavictoria.se\/pt-pt\/reservas\/\" target=\"_self\"  class=\"qbutton  default\" style=\"\">Pedir um or\u00e7amento<\/a>[\/vc_column][\/vc_row][vc_row row_type=&#8221;row&#8221; use_row_as_full_screen_section=&#8221;no&#8221; type=&#8221;full_width&#8221; angled_section=&#8221;no&#8221; text_align=&#8221;left&#8221; background_image_as_pattern=&#8221;without_pattern&#8221; row_negative_margin=&#8221;disable_negative_margin&#8221; css_animation=&#8221;&#8221; css=&#8221;.vc_custom_1483896544708{margin-right: -30px !important;margin-left: -30px !important;padding-top: 50px !important;}&#8221;][vc_column css=&#8221;.vc_custom_1482265039232{border-left-width: px !important;}&#8221;][vc_row_inner row_type=&#8221;row&#8221; type=&#8221;full_width&#8221; text_align=&#8221;left&#8221; css_animation=&#8221;&#8221;][vc_column_inner offset=&#8221;vc_hidden-sm vc_hidden-xs&#8221;][vc_single_image image=&#8221;1141&#8243; img_size=&#8221;1600&#215;400&#8243; alignment=&#8221;center&#8221; qode_css_animation=&#8221;&#8221; css=&#8221;.vc_custom_1484229332161{margin-left: px !important;}&#8221;][\/vc_column_inner][\/vc_row_inner][vc_row_inner row_type=&#8221;row&#8221; type=&#8221;full_width&#8221; text_align=&#8221;left&#8221; css_animation=&#8221;&#8221;][vc_column_inner offset=&#8221;vc_hidden-lg vc_hidden-md&#8221;][vc_single_image image=&#8221;722&#8243; img_size=&#8221;full&#8221; qode_css_animation=&#8221;&#8221;][\/vc_column_inner][\/vc_row_inner][\/vc_column][\/vc_row][vc_row row_type=&#8221;row&#8221; use_row_as_full_screen_section=&#8221;no&#8221; type=&#8221;grid&#8221; angled_section=&#8221;no&#8221; text_align=&#8221;left&#8221; background_image_as_pattern=&#8221;without_pattern&#8221; background_color=&#8221;#ffffff&#8221; border_color=&#8221;#ffffff&#8221; css_animation=&#8221;&#8221; css=&#8221;.vc_custom_1489520555535{margin-left: -40px !important;padding-top: 80px !important;padding-bottom: 20px !important;background-color: #ffffff !important;}&#8221;][vc_column width=&#8221;1\/4&#8243; css=&#8221;.vc_custom_1491663682779{margin-top: -2px !important;border-right-width: 2px !important;padding-right: 30px !important;background-color: #ffffff !important;border-right-color: rgba(181,169,41,0.28) !important;border-right-style: solid !important;}&#8221; offset=&#8221;vc_hidden-sm vc_hidden-xs&#8221;][vc_column_text]<\/p>\n<h2 style=\"text-align: right;\">Eventos<\/h2>\n<h5 style=\"text-align: right;\">DE PRODU\u00c7\u00c3O<\/h5>\n<p>[\/vc_column_text][vc_empty_space height=&#8221;50px&#8221;][\/vc_column][vc_column width=&#8221;3\/4&#8243; css=&#8221;.vc_custom_1489519980472{padding-left: 30px !important;background-color: #ffffff !important;}&#8221;][vc_row_inner row_type=&#8221;row&#8221; type=&#8221;full_width&#8221; text_align=&#8221;left&#8221; css_animation=&#8221;&#8221;][vc_column_inner offset=&#8221;vc_hidden-lg vc_hidden-md&#8221;][vc_column_text]<\/p>\n<h2 style=\"text-align: left;\">Eventos<\/h2>\n<h5 style=\"text-align: left;\"><span style=\"color: #e0bc75;\">DE PRODU\u00c7\u00c3O<\/span><\/h5>\n<p>[\/vc_column_text][vc_empty_space height=&#8221;50px&#8221;][\/vc_column_inner][\/vc_row_inner][vc_column_text css=&#8221;.vc_custom_1498742140317{margin-top: -40px !important;}&#8221;]<\/p>\n<div class=\"wpb_text_column wpb_content_element \">\n<div class=\"wpb_wrapper\">\n<p>Possu\u00edmos lindos parques e \u00e1reas interiores que proporcionam o local perfeito para suas produ\u00e7\u00f5es fotogr\u00e1ficas e cinematogr\u00e1ficas. J\u00e1 fomos escolhidos por grandes produtoras nacionais e internacionais, o que nos deu uma gama de experi\u00eancias para entender as diferentes necessidades e exig\u00eancias deste tipo de evento.<\/p>\n<p><span style=\"color: #ffffff;\">.<\/span><\/p>\n<p>Alguns dos nossos h\u00f3spedes tamb\u00e9m encontraram conosco seu pr\u00f3prio lugar especial para capturar um momento inesquec\u00edvel. Outros criaram seu cen\u00e1rio pessoal para suas produ\u00e7\u00f5es de TV, filmes e cat\u00e1logos. Nosso estabelecimento tem um bom acesso da rua e uma \u00f3tima \u00e1rea de estacionamento para todo o time de produ\u00e7\u00e3o.<\/p>\n<\/div>\n<\/div>\n<p>[\/vc_column_text][vc_empty_space height=&#8221;25px&#8221;]<a  itemprop=\"url\" href=\"http:\/\/www.hotelvillavictoria.se\/pt-pt\/reservas\/\" target=\"_self\"  class=\"qbutton  default\" style=\"\">Pedir um or\u00e7amento<\/a>[\/vc_column][\/vc_row][vc_row row_type=&#8221;row&#8221; use_row_as_full_screen_section=&#8221;no&#8221; type=&#8221;full_width&#8221; angled_section=&#8221;no&#8221; text_align=&#8221;left&#8221; background_image_as_pattern=&#8221;without_pattern&#8221; row_negative_margin=&#8221;disable_negative_margin&#8221; css_animation=&#8221;&#8221; css=&#8221;.vc_custom_1483896544708{margin-right: -30px !important;margin-left: -30px !important;padding-top: 50px !important;}&#8221;][vc_column css=&#8221;.vc_custom_1482265039232{border-left-width: px !important;}&#8221;][vc_row_inner row_type=&#8221;row&#8221; type=&#8221;full_width&#8221; text_align=&#8221;left&#8221; css_animation=&#8221;&#8221;][vc_column_inner offset=&#8221;vc_hidden-sm vc_hidden-xs&#8221;][vc_single_image image=&#8221;1119&#8243; img_size=&#8221;1600&#215;400&#8243; qode_css_animation=&#8221;&#8221;][\/vc_column_inner][\/vc_row_inner][vc_row_inner row_type=&#8221;row&#8221; type=&#8221;full_width&#8221; text_align=&#8221;left&#8221; css_animation=&#8221;&#8221;][vc_column_inner offset=&#8221;vc_hidden-lg vc_hidden-md&#8221;][vc_single_image image=&#8221;1031&#8243; img_size=&#8221;full&#8221; qode_css_animation=&#8221;&#8221;][\/vc_column_inner][\/vc_row_inner][\/vc_column][\/vc_row]<\/p>\n","protected":false},"excerpt":{"rendered":"<p>[vc_row row_type=&#8221;row&#8221; use_row_as_full_screen_section=&#8221;no&#8221; type=&#8221;grid&#8221; angled_section=&#8221;no&#8221; text_align=&#8221;left&#8221; background_image_as_pattern=&#8221;without_pattern&#8221; css_animation=&#8221;&#8221; css=&#8221;.vc_custom_1483896734057{margin-left: -40px !important;padding-top: 80px !important;}&#8221;][vc_column width=&#8221;1\/4&#8243; css=&#8221;.vc_custom_1489519809724{border-right-width: 2px !important;padding-right: 30px !important;border-right-color: rgba(181,169,41,0.28) !important;border-right-style: solid !important;}&#8221; offset=&#8221;vc_hidden-sm vc_hidden-xs&#8221;][vc_column_text] Eventos SOCIAIS [\/vc_column_text][vc_empty_space height=&#8221;70px&#8221;][\/vc_column][vc_column width=&#8221;3\/4&#8243; css=&#8221;.vc_custom_1489519927190{padding-left: 30px !important;}&#8221;][vc_row_inner row_type=&#8221;row&#8221; type=&#8221;full_width&#8221; text_align=&#8221;left&#8221; css_animation=&#8221;&#8221;][vc_column_inner offset=&#8221;vc_hidden-lg vc_hidden-md&#8221;][vc_column_text] Eventos SOCIAIS [\/vc_column_text][vc_empty_space height=&#8221;20px&#8221;][\/vc_column_inner][\/vc_row_inner][vc_column_text]No Hotel Villa&#8230;<\/p>\n","protected":false},"author":1,"featured_media":0,"parent":0,"menu_order":0,"comment_status":"closed","ping_status":"closed","template":"full_width.php","meta":[],"_links":{"self":[{"href":"http:\/\/www.hotelvillavictoria.se\/pt-pt\/wp-json\/wp\/v2\/pages\/1418"}],"collection":[{"href":"http:\/\/www.hotelvillavictoria.se\/pt-pt\/wp-json\/wp\/v2\/pages"}],"about":[{"href":"http:\/\/www.hotelvillavictoria.se\/pt-pt\/wp-json\/wp\/v2\/types\/page"}],"author":[{"embeddable":true,"href":"http:\/\/www.hotelvillavictoria.se\/pt-pt\/wp-json\/wp\/v2\/users\/1"}],"replies":[{"embeddable":true,"href":"http:\/\/www.hotelvillavictoria.se\/pt-pt\/wp-json\/wp\/v2\/comments?post=1418"}],"version-history":[{"count":5,"href":"http:\/\/www.hotelvillavictoria.se\/pt-pt\/wp-json\/wp\/v2\/pages\/1418\/revisions"}],"predecessor-version":[{"id":1420,"href":"http:\/\/www.hotelvillavictoria.se\/pt-pt\/wp-json\/wp\/v2\/pages\/1418\/revisions\/1420"}],"wp:attachment":[{"href":"http:\/\/www.hotelvillavictoria.se\/pt-pt\/wp-json\/wp\/v2\/media?parent=1418"}],"curies":[{"name":"wp","href":"https:\/\/api.w.org\/{rel}","templated":true}]}}