{"id":1439,"date":"2017-06-29T15:31:48","date_gmt":"2017-06-29T15:31:48","guid":{"rendered":"http:\/\/www.hotelvillavictoria.se\/?page_id=1439\/"},"modified":"2017-06-29T15:31:48","modified_gmt":"2017-06-29T15:31:48","slug":"trabalhe-conosco","status":"publish","type":"page","link":"http:\/\/www.hotelvillavictoria.se\/pt-pt\/trabalhe-conosco\/","title":{"rendered":"Trabalhe conosco"},"content":{"rendered":"<p>[vc_row row_type=&#8221;row&#8221; use_row_as_full_screen_section=&#8221;no&#8221; type=&#8221;full_width&#8221; angled_section=&#8221;no&#8221; text_align=&#8221;left&#8221; background_image_as_pattern=&#8221;without_pattern&#8221; css_animation=&#8221;&#8221; css=&#8221;.vc_custom_1480608552842{border-bottom-width: px !important;padding-top: px !important;padding-bottom: 70px !important;}&#8221;][vc_column][vc_column_text]<\/p>\n<h3><strong>Para sermos excelentes, <\/strong><strong>precisamos estar cercados de pessoas <\/strong><strong>que nos tornem melhores,\u00a0<\/strong><strong>todos os dias. <\/strong><\/h3>\n<p>[\/vc_column_text][vc_empty_space height=&#8221;30px&#8221;][vc_column_text]\u00c9 por isto que n\u00f3s do Hotel Villa Victoria de Tigre estamos constantemente procurando indiv\u00edduos que sejam apaixonados por hospitalidade, gastronomia e jardinagem. Voc\u00ea quer ser parte de um time onde respeito, empatia e camaradagem s\u00e3o considerados aspectos chave para as tarefas di\u00e1rias? Voc\u00ea \u00e9 dedicado(a) e ama trabalhar com pessoas e na ind\u00fastria de servi\u00e7os? Se este for o caso, adorar\u00edamos falar com voc\u00ea. Envie-nos seu curr\u00edculo e uma breve carta pessoal onde voc\u00ea nos conta um pouco mais sobre voc\u00ea.<\/p>\n<p><span style=\"color: #ffffff;\">.<\/span><\/p>\n<p><a href=\"mailto:info.hotelvillavictoria@gmail.com\">info.hotelvillavictoria@gmail.com\u00a0<\/a>[\/vc_column_text][vc_empty_space height=&#8221;15px&#8221;][vc_empty_space height=&#8221;15px&#8221;][\/vc_column][\/vc_row]<\/p>\n","protected":false},"excerpt":{"rendered":"<p>[vc_row row_type=&#8221;row&#8221; use_row_as_full_screen_section=&#8221;no&#8221; type=&#8221;full_width&#8221; angled_section=&#8221;no&#8221; text_align=&#8221;left&#8221; background_image_as_pattern=&#8221;without_pattern&#8221; css_animation=&#8221;&#8221; css=&#8221;.vc_custom_1480608552842{border-bottom-width: px !important;padding-top: px !important;padding-bottom: 70px !important;}&#8221;][vc_column][vc_column_text] Para sermos excelentes, precisamos estar cercados de pessoas que nos tornem melhores,\u00a0todos os dias. [\/vc_column_text][vc_empty_space height=&#8221;30px&#8221;][vc_column_text]\u00c9 por isto que n\u00f3s do Hotel Villa Victoria de Tigre estamos constantemente procurando indiv\u00edduos&#8230;<\/p>\n","protected":false},"author":1,"featured_media":0,"parent":0,"menu_order":0,"comment_status":"closed","ping_status":"closed","template":"","meta":[],"_links":{"self":[{"href":"http:\/\/www.hotelvillavictoria.se\/pt-pt\/wp-json\/wp\/v2\/pages\/1439"}],"collection":[{"href":"http:\/\/www.hotelvillavictoria.se\/pt-pt\/wp-json\/wp\/v2\/pages"}],"about":[{"href":"http:\/\/www.hotelvillavictoria.se\/pt-pt\/wp-json\/wp\/v2\/types\/page"}],"author":[{"embeddable":true,"href":"http:\/\/www.hotelvillavictoria.se\/pt-pt\/wp-json\/wp\/v2\/users\/1"}],"replies":[{"embeddable":true,"href":"http:\/\/www.hotelvillavictoria.se\/pt-pt\/wp-json\/wp\/v2\/comments?post=1439"}],"version-history":[{"count":9,"href":"http:\/\/www.hotelvillavictoria.se\/pt-pt\/wp-json\/wp\/v2\/pages\/1439\/revisions"}],"predecessor-version":[{"id":1448,"href":"http:\/\/www.hotelvillavictoria.se\/pt-pt\/wp-json\/wp\/v2\/pages\/1439\/revisions\/1448"}],"wp:attachment":[{"href":"http:\/\/www.hotelvillavictoria.se\/pt-pt\/wp-json\/wp\/v2\/media?parent=1439"}],"curies":[{"name":"wp","href":"https:\/\/api.w.org\/{rel}","templated":true}]}}